{"id":39,"date":"2025-02-15T23:51:05","date_gmt":"2025-02-15T23:51:05","guid":{"rendered":"https:\/\/www.indoor-racing-senden.de\/wp\/?page_id=39"},"modified":"2026-03-29T08:55:31","modified_gmt":"2026-03-29T08:55:31","slug":"wann-sind-wir","status":"publish","type":"page","link":"https:\/\/www.indoor-racing-senden.de\/?page_id=39","title":{"rendered":"Wann sind wir?"},"content":{"rendered":"\n<p>Wir befinden uns ab 30.03.2026 in der Sommerpause und freuen uns euch im Oktober 2026 wiederzusehen.<\/p>\n\n\n\n<p>\u00dcber unsere Social Media Kan\u00e4le werden wir \u00d6ffnungen in der Sommerpause kund tun. Vielleicht sieht man sich!<\/p>\n\n\n\n<p>Bis dahin habt eine sch\u00f6ne Outdoor Saison \ud83d\ude42 <\/p>\n","protected":false},"excerpt":{"rendered":"<p>Wir befinden uns ab 30.03.2026 in der Sommerpause und freuen uns euch im Oktober 2026 wiederzusehen. \u00dcber unsere Social Media Kan\u00e4le werden wir \u00d6ffnungen in der Sommerpause kund tun. Vielleicht sieht man sich! Bis dahin habt eine sch\u00f6ne Outdoor Saison&hellip; <\/p>\n","protected":false},"author":1,"featured_media":0,"parent":0,"menu_order":0,"comment_status":"closed","ping_status":"closed","template":"","meta":{"footnotes":""},"class_list":["post-39","page","type-page","status-publish","hentry"],"_links":{"self":[{"href":"https:\/\/www.indoor-racing-senden.de\/index.php?rest_route=\/wp\/v2\/pages\/39","targetHints":{"allow":["GET"]}}],"collection":[{"href":"https:\/\/www.indoor-racing-senden.de\/index.php?rest_route=\/wp\/v2\/pages"}],"about":[{"href":"https:\/\/www.indoor-racing-senden.de\/index.php?rest_route=\/wp\/v2\/types\/page"}],"author":[{"embeddable":true,"href":"https:\/\/www.indoor-racing-senden.de\/index.php?rest_route=\/wp\/v2\/users\/1"}],"replies":[{"embeddable":true,"href":"https:\/\/www.indoor-racing-senden.de\/index.php?rest_route=%2Fwp%2Fv2%2Fcomments&post=39"}],"version-history":[{"count":7,"href":"https:\/\/www.indoor-racing-senden.de\/index.php?rest_route=\/wp\/v2\/pages\/39\/revisions"}],"predecessor-version":[{"id":77,"href":"https:\/\/www.indoor-racing-senden.de\/index.php?rest_route=\/wp\/v2\/pages\/39\/revisions\/77"}],"wp:attachment":[{"href":"https:\/\/www.indoor-racing-senden.de\/index.php?rest_route=%2Fwp%2Fv2%2Fmedia&parent=39"}],"curies":[{"name":"wp","href":"https:\/\/api.w.org\/{rel}","templated":true}]}}